



{"id":81,"date":"2023-11-27T12:41:48","date_gmt":"2023-11-27T11:41:48","guid":{"rendered":"https:\/\/www.alilauro.it\/?page_id=81"},"modified":"2023-11-27T12:44:18","modified_gmt":"2023-11-27T11:44:18","slug":"i-nostri-servizi","status":"publish","type":"page","link":"https:\/\/www.alilauro.it\/it\/i-nostri-servizi\/","title":{"rendered":"I nostri servizi"},"content":{"rendered":"\n<p>Indicazioni per l\u2019accesso a bordo dei passeggeri diversamente abili o a mobilit\u00e0 ridotta<\/p>\n\n\n\n<p>Alilauro, a bordo delle proprie unit\u00e0 veloci, ha istituito un servizio di assistenza dedicato alle persone diversamente abili o a mobilit\u00e0 ridotta.<\/p>\n\n\n\n<p>Il servizio- gratuito &#8211; \u00e8 fruibile, su prenotazione, da quanti ne fanno richiesta.<br>Personale appositamente selezionato ed istruito, assiste alle operazioni di imbarco, sbarco e sistemazione a bordo.<br>La richiesta del servizio di assistenza deve pervenire al Customer Service Alilauro entro 48 ore dalla data di partenza, contattando uno tra i seguenti numeri:<br><em>+39 081 4972206 (Napoli Bevessero)<br>o scrivere a customer@alilauro.it<\/em><\/p>\n\n\n\n<p><strong>Lo sportello Customer Service Alilauro \u00e8 attivo presso la biglietteria di scalo del molo Beverello di Napoli.<\/strong><\/p>\n\n\n\n<p>Di seguito il link per il collegamento alla flotta, per ogni singola unit\u00e0 ci sar\u00e0 un file (in pdf da leggere o scaricare)&nbsp; contenenti le informazioni generali sui servizi e sull&#8217;assistenza a disposizione delle PMR.<\/p>\n","protected":false},"excerpt":{"rendered":"<p>Indicazioni per l\u2019accesso a bordo dei passeggeri diversamente abili o a mobilit\u00e0 ridotta Alilauro, a bordo delle proprie unit\u00e0 veloci, ha istituito un servizio di assistenza dedicato alle persone diversamente abili o a mobilit\u00e0 ridotta. Il servizio- gratuito &#8211; \u00e8 fruibile, su prenotazione, da quanti ne fanno richiesta.Personale appositamente selezionato ed istruito, assiste alle operazioni [&hellip;]<\/p>\n","protected":false},"author":10,"featured_media":1127,"parent":0,"menu_order":0,"comment_status":"closed","ping_status":"closed","template":"page-servizi.php","meta":{"footnotes":""},"class_list":["post-81","page","type-page","status-publish","has-post-thumbnail","hentry"],"acf":[],"yoast_head":"<!-- This site is optimized with the Yoast SEO plugin v25.2 - https:\/\/yoast.com\/wordpress\/plugins\/seo\/ -->\n<title>I nostri servizi | Alilauro<\/title>\n<meta name=\"description\" content=\"La soddisfazione dell\u2019utenza \u00e8 ci\u00f2 a cui puntiamo ogni giorno, da sempre. Siamo stati i primi, nel Golfo di Napoli, ad aver investito su un Customer Service in grado di rispondere ad ogni esigenza dei clienti, creando un legame diretto con i passeggeri oltre il momento dell\u2019imbarco.\" \/>\n<meta name=\"robots\" content=\"index, follow, max-snippet:-1, max-image-preview:large, max-video-preview:-1\" \/>\n<link rel=\"canonical\" href=\"https:\/\/www.alilauro.it\/it\/i-nostri-servizi\/\" \/>\n<meta property=\"og:locale\" content=\"it_IT\" \/>\n<meta property=\"og:type\" content=\"article\" \/>\n<meta property=\"og:title\" content=\"I nostri servizi | Alilauro\" \/>\n<meta property=\"og:description\" content=\"La soddisfazione dell\u2019utenza \u00e8 ci\u00f2 a cui puntiamo ogni giorno, da sempre. Siamo stati i primi, nel Golfo di Napoli, ad aver investito su un Customer Service in grado di rispondere ad ogni esigenza dei clienti, creando un legame diretto con i passeggeri oltre il momento dell\u2019imbarco.\" \/>\n<meta property=\"og:url\" content=\"https:\/\/www.alilauro.it\/it\/i-nostri-servizi\/\" \/>\n<meta property=\"og:site_name\" content=\"alilauro\" \/>\n<meta property=\"article:publisher\" content=\"https:\/\/www.facebook.com\/lauro.shipping.9\" \/>\n<meta property=\"article:modified_time\" content=\"2023-11-27T11:44:18+00:00\" \/>\n<meta property=\"og:image\" content=\"https:\/\/www.alilauro.it\/wp-content\/uploads\/2022\/12\/i-nostri-servizi.jpg\" \/>\n\t<meta property=\"og:image:width\" content=\"1366\" \/>\n\t<meta property=\"og:image:height\" content=\"462\" \/>\n\t<meta property=\"og:image:type\" content=\"image\/jpeg\" \/>\n<meta name=\"twitter:card\" content=\"summary_large_image\" \/>\n<meta name=\"twitter:site\" content=\"@alilauro\" \/>\n<meta name=\"twitter:label1\" content=\"Tempo di lettura stimato\" \/>\n\t<meta name=\"twitter:data1\" content=\"1 minuto\" \/>\n<script type=\"application\/ld+json\" class=\"yoast-schema-graph\">{\"@context\":\"https:\/\/schema.org\",\"@graph\":[{\"@type\":\"WebPage\",\"@id\":\"https:\/\/www.alilauro.it\/it\/i-nostri-servizi\/\",\"url\":\"https:\/\/www.alilauro.it\/it\/i-nostri-servizi\/\",\"name\":\"I nostri servizi | Alilauro\",\"isPartOf\":{\"@id\":\"https:\/\/www.alilauro.it\/it\/#website\"},\"primaryImageOfPage\":{\"@id\":\"https:\/\/www.alilauro.it\/it\/i-nostri-servizi\/#primaryimage\"},\"image\":{\"@id\":\"https:\/\/www.alilauro.it\/it\/i-nostri-servizi\/#primaryimage\"},\"thumbnailUrl\":\"https:\/\/www.alilauro.it\/wp-content\/uploads\/2022\/12\/i-nostri-servizi.jpg\",\"datePublished\":\"2023-11-27T11:41:48+00:00\",\"dateModified\":\"2023-11-27T11:44:18+00:00\",\"description\":\"La soddisfazione dell\u2019utenza \u00e8 ci\u00f2 a cui puntiamo ogni giorno, da sempre. Siamo stati i primi, nel Golfo di Napoli, ad aver investito su un Customer Service in grado di rispondere ad ogni esigenza dei clienti, creando un legame diretto con i passeggeri oltre il momento dell\u2019imbarco.\",\"breadcrumb\":{\"@id\":\"https:\/\/www.alilauro.it\/it\/i-nostri-servizi\/#breadcrumb\"},\"inLanguage\":\"it-IT\",\"potentialAction\":[{\"@type\":\"ReadAction\",\"target\":[\"https:\/\/www.alilauro.it\/it\/i-nostri-servizi\/\"]}]},{\"@type\":\"ImageObject\",\"inLanguage\":\"it-IT\",\"@id\":\"https:\/\/www.alilauro.it\/it\/i-nostri-servizi\/#primaryimage\",\"url\":\"https:\/\/www.alilauro.it\/wp-content\/uploads\/2022\/12\/i-nostri-servizi.jpg\",\"contentUrl\":\"https:\/\/www.alilauro.it\/wp-content\/uploads\/2022\/12\/i-nostri-servizi.jpg\",\"width\":1366,\"height\":462},{\"@type\":\"BreadcrumbList\",\"@id\":\"https:\/\/www.alilauro.it\/it\/i-nostri-servizi\/#breadcrumb\",\"itemListElement\":[{\"@type\":\"ListItem\",\"position\":1,\"name\":\"Home\",\"item\":\"https:\/\/www.alilauro.it\/it\/\"},{\"@type\":\"ListItem\",\"position\":2,\"name\":\"I nostri servizi\"}]},{\"@type\":\"WebSite\",\"@id\":\"https:\/\/www.alilauro.it\/it\/#website\",\"url\":\"https:\/\/www.alilauro.it\/it\/\",\"name\":\"Alilauro\",\"description\":\"Una lunga storia di mare\",\"publisher\":{\"@id\":\"https:\/\/www.alilauro.it\/it\/#organization\"},\"potentialAction\":[{\"@type\":\"SearchAction\",\"target\":{\"@type\":\"EntryPoint\",\"urlTemplate\":\"https:\/\/www.alilauro.it\/it\/?s={search_term_string}\"},\"query-input\":{\"@type\":\"PropertyValueSpecification\",\"valueRequired\":true,\"valueName\":\"search_term_string\"}}],\"inLanguage\":\"it-IT\"},{\"@type\":\"Organization\",\"@id\":\"https:\/\/www.alilauro.it\/it\/#organization\",\"name\":\"Alilauro\",\"url\":\"https:\/\/www.alilauro.it\/it\/\",\"logo\":{\"@type\":\"ImageObject\",\"inLanguage\":\"it-IT\",\"@id\":\"https:\/\/www.alilauro.it\/it\/#\/schema\/logo\/image\/\",\"url\":\"https:\/\/www.alilauro.it\/wp-content\/uploads\/2022\/10\/logo-alilauro.jpg\",\"contentUrl\":\"https:\/\/www.alilauro.it\/wp-content\/uploads\/2022\/10\/logo-alilauro.jpg\",\"width\":333,\"height\":102,\"caption\":\"Alilauro\"},\"image\":{\"@id\":\"https:\/\/www.alilauro.it\/it\/#\/schema\/logo\/image\/\"},\"sameAs\":[\"https:\/\/www.facebook.com\/lauro.shipping.9\",\"https:\/\/x.com\/alilauro\",\"https:\/\/www.instagram.com\/alilaurovolaviamare\/\",\"https:\/\/www.youtube.com\/user\/arcipelagocampano\"]}]}<\/script>\n<!-- \/ Yoast SEO plugin. -->","yoast_head_json":{"title":"I nostri servizi | Alilauro","description":"La soddisfazione dell\u2019utenza \u00e8 ci\u00f2 a cui puntiamo ogni giorno, da sempre. Siamo stati i primi, nel Golfo di Napoli, ad aver investito su un Customer Service in grado di rispondere ad ogni esigenza dei clienti, creando un legame diretto con i passeggeri oltre il momento dell\u2019imbarco.","robots":{"index":"index","follow":"follow","max-snippet":"max-snippet:-1","max-image-preview":"max-image-preview:large","max-video-preview":"max-video-preview:-1"},"canonical":"https:\/\/www.alilauro.it\/it\/i-nostri-servizi\/","og_locale":"it_IT","og_type":"article","og_title":"I nostri servizi | Alilauro","og_description":"La soddisfazione dell\u2019utenza \u00e8 ci\u00f2 a cui puntiamo ogni giorno, da sempre. Siamo stati i primi, nel Golfo di Napoli, ad aver investito su un Customer Service in grado di rispondere ad ogni esigenza dei clienti, creando un legame diretto con i passeggeri oltre il momento dell\u2019imbarco.","og_url":"https:\/\/www.alilauro.it\/it\/i-nostri-servizi\/","og_site_name":"alilauro","article_publisher":"https:\/\/www.facebook.com\/lauro.shipping.9","article_modified_time":"2023-11-27T11:44:18+00:00","og_image":[{"width":1366,"height":462,"url":"https:\/\/www.alilauro.it\/wp-content\/uploads\/2022\/12\/i-nostri-servizi.jpg","type":"image\/jpeg"}],"twitter_card":"summary_large_image","twitter_site":"@alilauro","twitter_misc":{"Tempo di lettura stimato":"1 minuto"},"schema":{"@context":"https:\/\/schema.org","@graph":[{"@type":"WebPage","@id":"https:\/\/www.alilauro.it\/it\/i-nostri-servizi\/","url":"https:\/\/www.alilauro.it\/it\/i-nostri-servizi\/","name":"I nostri servizi | Alilauro","isPartOf":{"@id":"https:\/\/www.alilauro.it\/it\/#website"},"primaryImageOfPage":{"@id":"https:\/\/www.alilauro.it\/it\/i-nostri-servizi\/#primaryimage"},"image":{"@id":"https:\/\/www.alilauro.it\/it\/i-nostri-servizi\/#primaryimage"},"thumbnailUrl":"https:\/\/www.alilauro.it\/wp-content\/uploads\/2022\/12\/i-nostri-servizi.jpg","datePublished":"2023-11-27T11:41:48+00:00","dateModified":"2023-11-27T11:44:18+00:00","description":"La soddisfazione dell\u2019utenza \u00e8 ci\u00f2 a cui puntiamo ogni giorno, da sempre. Siamo stati i primi, nel Golfo di Napoli, ad aver investito su un Customer Service in grado di rispondere ad ogni esigenza dei clienti, creando un legame diretto con i passeggeri oltre il momento dell\u2019imbarco.","breadcrumb":{"@id":"https:\/\/www.alilauro.it\/it\/i-nostri-servizi\/#breadcrumb"},"inLanguage":"it-IT","potentialAction":[{"@type":"ReadAction","target":["https:\/\/www.alilauro.it\/it\/i-nostri-servizi\/"]}]},{"@type":"ImageObject","inLanguage":"it-IT","@id":"https:\/\/www.alilauro.it\/it\/i-nostri-servizi\/#primaryimage","url":"https:\/\/www.alilauro.it\/wp-content\/uploads\/2022\/12\/i-nostri-servizi.jpg","contentUrl":"https:\/\/www.alilauro.it\/wp-content\/uploads\/2022\/12\/i-nostri-servizi.jpg","width":1366,"height":462},{"@type":"BreadcrumbList","@id":"https:\/\/www.alilauro.it\/it\/i-nostri-servizi\/#breadcrumb","itemListElement":[{"@type":"ListItem","position":1,"name":"Home","item":"https:\/\/www.alilauro.it\/it\/"},{"@type":"ListItem","position":2,"name":"I nostri servizi"}]},{"@type":"WebSite","@id":"https:\/\/www.alilauro.it\/it\/#website","url":"https:\/\/www.alilauro.it\/it\/","name":"Alilauro","description":"Una lunga storia di mare","publisher":{"@id":"https:\/\/www.alilauro.it\/it\/#organization"},"potentialAction":[{"@type":"SearchAction","target":{"@type":"EntryPoint","urlTemplate":"https:\/\/www.alilauro.it\/it\/?s={search_term_string}"},"query-input":{"@type":"PropertyValueSpecification","valueRequired":true,"valueName":"search_term_string"}}],"inLanguage":"it-IT"},{"@type":"Organization","@id":"https:\/\/www.alilauro.it\/it\/#organization","name":"Alilauro","url":"https:\/\/www.alilauro.it\/it\/","logo":{"@type":"ImageObject","inLanguage":"it-IT","@id":"https:\/\/www.alilauro.it\/it\/#\/schema\/logo\/image\/","url":"https:\/\/www.alilauro.it\/wp-content\/uploads\/2022\/10\/logo-alilauro.jpg","contentUrl":"https:\/\/www.alilauro.it\/wp-content\/uploads\/2022\/10\/logo-alilauro.jpg","width":333,"height":102,"caption":"Alilauro"},"image":{"@id":"https:\/\/www.alilauro.it\/it\/#\/schema\/logo\/image\/"},"sameAs":["https:\/\/www.facebook.com\/lauro.shipping.9","https:\/\/x.com\/alilauro","https:\/\/www.instagram.com\/alilaurovolaviamare\/","https:\/\/www.youtube.com\/user\/arcipelagocampano"]}]}},"_links":{"self":[{"href":"https:\/\/www.alilauro.it\/it\/wp-json\/wp\/v2\/pages\/81","targetHints":{"allow":["GET"]}}],"collection":[{"href":"https:\/\/www.alilauro.it\/it\/wp-json\/wp\/v2\/pages"}],"about":[{"href":"https:\/\/www.alilauro.it\/it\/wp-json\/wp\/v2\/types\/page"}],"author":[{"embeddable":true,"href":"https:\/\/www.alilauro.it\/it\/wp-json\/wp\/v2\/users\/10"}],"replies":[{"embeddable":true,"href":"https:\/\/www.alilauro.it\/it\/wp-json\/wp\/v2\/comments?post=81"}],"version-history":[{"count":7,"href":"https:\/\/www.alilauro.it\/it\/wp-json\/wp\/v2\/pages\/81\/revisions"}],"predecessor-version":[{"id":1129,"href":"https:\/\/www.alilauro.it\/it\/wp-json\/wp\/v2\/pages\/81\/revisions\/1129"}],"wp:featuredmedia":[{"embeddable":true,"href":"https:\/\/www.alilauro.it\/it\/wp-json\/wp\/v2\/media\/1127"}],"wp:attachment":[{"href":"https:\/\/www.alilauro.it\/it\/wp-json\/wp\/v2\/media?parent=81"}],"curies":[{"name":"wp","href":"https:\/\/api.w.org\/{rel}","templated":true}]}}