



{"id":4454,"date":"2025-03-18T12:04:30","date_gmt":"2025-03-18T11:04:30","guid":{"rendered":"https:\/\/www.alilauro.it\/?page_id=4454"},"modified":"2026-02-13T16:17:52","modified_gmt":"2026-02-13T15:17:52","slug":"volaviamare-card","status":"publish","type":"page","link":"https:\/\/www.alilauro.it\/it\/volaviamare-card\/","title":{"rendered":"Volaviamare Card"},"content":{"rendered":"\n<p class=\"has-text-align-center has-text-color has-link-color wp-elements-82942234cb9c373fc4fdd9db2a10cd79\" style=\"color:#202857\"><strong>Pi\u00f9 vantaggi per chi lavora nel turismo:<\/strong><\/p>\n\n\n\n<p class=\"has-text-align-center has-text-color has-link-color wp-elements-54b0c6d137c2efbbc93c3bcf4c6fcd36\" style=\"color:#202857\">Se sei un operatore turistico, la Volaviamare Card \u00e8 lo strumento ideale per gestire i tuoi viaggi in modo semplice e conveniente.<\/p>\n\n\n\n<p class=\"has-text-align-center has-text-color has-link-color wp-elements-35e1623febe1eea185e62c26b6b47962\" style=\"color:#202857\"><strong>Perch\u00e9 sceglierla?<\/strong><\/p>\n\n\n\n<div class=\"wp-block-group is-content-justification-center is-nowrap is-layout-flex wp-container-core-group-is-layout-94bc23d7 wp-block-group-is-layout-flex\">\n<figure class=\"wp-block-image\"><img decoding=\"async\" src=\"https:\/\/a.slack-edge.com\/production-standard-emoji-assets\/14.0\/google-medium\/2714-fe0f.png\" alt=\":spunta_in_grassetto:\"\/><\/figure>\n\n\n\n<p class=\"has-text-color has-link-color wp-elements-9a27f1c4dc4ffba0a485fd59127be153\" style=\"color:#202857\">20% di bonus su ogni ricarica<\/p>\n<\/div>\n\n\n\n<div class=\"wp-block-group is-content-justification-center is-nowrap is-layout-flex wp-container-core-group-is-layout-94bc23d7 wp-block-group-is-layout-flex\">\n<figure class=\"wp-block-image\"><img decoding=\"async\" src=\"https:\/\/a.slack-edge.com\/production-standard-emoji-assets\/14.0\/google-medium\/2714-fe0f.png\" alt=\":spunta_in_grassetto:\"\/><\/figure>\n\n\n\n<p class=\"has-text-color has-link-color wp-elements-67a91f6d3c915a27c14e9eae765c34fb\" style=\"color:#202857\">Acquisto rapido dei titoli di viaggio online e presso le biglietterie<\/p>\n<\/div>\n\n\n\n<div class=\"wp-block-group is-content-justification-center is-nowrap is-layout-flex wp-container-core-group-is-layout-94bc23d7 wp-block-group-is-layout-flex\">\n<figure class=\"wp-block-image\"><img decoding=\"async\" src=\"https:\/\/a.slack-edge.com\/production-standard-emoji-assets\/14.0\/google-medium\/2714-fe0f.png\" alt=\":spunta_in_grassetto:\"\/><\/figure>\n\n\n\n<p class=\"has-text-color has-link-color wp-elements-6b5dd284d5a5b5b9698b6f3026c73806\" style=\"color:#202857\">Strumento dedicato ai professionisti del settore<\/p>\n<\/div>\n\n\n\n<div class=\"wp-block-group is-content-justification-center is-nowrap is-layout-flex wp-container-core-group-is-layout-94bc23d7 wp-block-group-is-layout-flex\">\n<figure class=\"wp-block-image\"><img decoding=\"async\" src=\"https:\/\/a.slack-edge.com\/production-standard-emoji-assets\/14.0\/google-medium\/2714-fe0f.png\" alt=\":spunta_in_grassetto:\"\/><\/figure>\n\n\n\n<p class=\"has-text-color has-link-color wp-elements-64c1fbdbfb457f1f4306d2f04b07248a\" style=\"color:#202857\">Gestione pratica e immediata<\/p>\n<\/div>\n\n\n\n<p class=\"has-text-align-center has-text-color has-link-color wp-elements-33e95f16de3883e5454f91f8d7858bc8\" style=\"color:#202857\">Attivala in pochi passi<\/p>\n\n\n\n<hr class=\"wp-block-separator has-alpha-channel-opacity\"\/>\n\n\n\n<div class=\"wp-block-group\"><div class=\"wp-block-group__inner-container is-layout-constrained wp-block-group-is-layout-constrained\">\n<p class=\"has-text-align-center has-text-color has-link-color wp-elements-86c3e37312b8ad6ecf34e3000270d86e\" style=\"color:#202857\"><strong>Per richiedere la card:<\/strong><\/p>\n\n\n\n<p class=\"has-text-align-center has-text-color has-link-color wp-elements-0827bc7eafeb86a1f5e1944991331257\" style=\"color:#202857\">1. <strong>Scarica e compila<\/strong> il modulo PDF cliccando <strong><a href=\"https:\/\/www.alilauro.it\/wp-content\/uploads\/2025\/12\/Abbonamento%20mensile.pdf\">QUI<\/a><\/strong><\/p>\n\n\n\n<p class=\"has-text-align-center has-text-color has-link-color wp-elements-0e5d51bad1ed2efaacd7628e69082b1e\" style=\"color:#202857\">2. Registrati all\u2019<strong>Area Riservata<\/strong>, cliccando sul <strong>bottone sotto<\/strong><\/p>\n\n\n\n<p class=\"has-text-align-center has-text-color has-link-color wp-elements-39a4dc24adabfdfd0f103c6e97840ef3\" style=\"color:#202857\">3. <strong>Accedi <\/strong>e completa la richiesta <strong>direttamente online<\/strong><\/p>\n\n\n\n<div style=\"text-align:center;\"><a class=\"btn-area btn-area--var\" style=\"color: white;\" href=\"https:\/\/alilauro.it\/alilauroCards\/register\">REGISTRATI<\/a><\/div>\n<\/div><\/div>\n\n\n\n<div style=\"text-align:center;\"><a class=\"btn-area btn-area--var\" style=\"color: white;background-color: rgb(22 102 208);border-color: rgb(22 102 208);\" href=\"https:\/\/alilauro.it\/alilauroCards\">ACCEDI<\/a><\/div>\n\n\n\n<hr class=\"wp-block-separator has-alpha-channel-opacity\"\/>\n\n\n\n<p class=\"has-text-align-center has-text-color has-link-color wp-elements-1d36e0e110350f6dd50573b75c9f5345\" style=\"color:#202857\"><strong><em>La card \u00e8 strettamente personale, di propriet\u00e0 di Alilauro SpA e non \u00e8 cedibile a terzi.<\/em><\/strong><\/p>\n\n\n\n<p class=\"has-text-align-center\"><\/p>\n\n\n\n<p class=\"has-text-align-center\"><\/p>\n","protected":false},"excerpt":{"rendered":"<p>Pi\u00f9 vantaggi per chi lavora nel turismo: Se sei un operatore turistico, la Volaviamare Card \u00e8 lo strumento ideale per gestire i tuoi viaggi in modo semplice e conveniente. Perch\u00e9 sceglierla? 20% di bonus su ogni ricarica Acquisto rapido dei titoli di viaggio online e presso le biglietterie Strumento dedicato ai professionisti del settore Gestione [&hellip;]<\/p>\n","protected":false},"author":10,"featured_media":4996,"parent":0,"menu_order":0,"comment_status":"closed","ping_status":"closed","template":"page--volaviamare.php","meta":{"footnotes":""},"class_list":["post-4454","page","type-page","status-publish","has-post-thumbnail","hentry"],"acf":[],"yoast_head":"<!-- This site is optimized with the Yoast SEO plugin v25.2 - https:\/\/yoast.com\/wordpress\/plugins\/seo\/ -->\n<title>Volaviamare Card - alilauro<\/title>\n<meta name=\"robots\" content=\"index, follow, max-snippet:-1, max-image-preview:large, max-video-preview:-1\" \/>\n<link rel=\"canonical\" href=\"https:\/\/www.alilauro.it\/it\/volaviamare-card\/\" \/>\n<meta property=\"og:locale\" content=\"it_IT\" \/>\n<meta property=\"og:type\" content=\"article\" \/>\n<meta property=\"og:title\" content=\"Volaviamare Card - alilauro\" \/>\n<meta property=\"og:description\" content=\"Pi\u00f9 vantaggi per chi lavora nel turismo: Se sei un operatore turistico, la Volaviamare Card \u00e8 lo strumento ideale per gestire i tuoi viaggi in modo semplice e conveniente. Perch\u00e9 sceglierla? 20% di bonus su ogni ricarica Acquisto rapido dei titoli di viaggio online e presso le biglietterie Strumento dedicato ai professionisti del settore Gestione [&hellip;]\" \/>\n<meta property=\"og:url\" content=\"https:\/\/www.alilauro.it\/it\/volaviamare-card\/\" \/>\n<meta property=\"og:site_name\" content=\"alilauro\" \/>\n<meta property=\"article:publisher\" content=\"https:\/\/www.facebook.com\/lauro.shipping.9\" \/>\n<meta property=\"article:modified_time\" content=\"2026-02-13T15:17:52+00:00\" \/>\n<meta property=\"og:image\" content=\"https:\/\/www.alilauro.it\/wp-content\/uploads\/2026\/02\/cover-sit0.png\" \/>\n\t<meta property=\"og:image:width\" content=\"1905\" \/>\n\t<meta property=\"og:image:height\" content=\"460\" \/>\n\t<meta property=\"og:image:type\" content=\"image\/png\" \/>\n<meta name=\"twitter:card\" content=\"summary_large_image\" \/>\n<meta name=\"twitter:site\" content=\"@alilauro\" \/>\n<meta name=\"twitter:label1\" content=\"Tempo di lettura stimato\" \/>\n\t<meta name=\"twitter:data1\" content=\"2 minuti\" \/>\n<script type=\"application\/ld+json\" class=\"yoast-schema-graph\">{\"@context\":\"https:\/\/schema.org\",\"@graph\":[{\"@type\":\"WebPage\",\"@id\":\"https:\/\/www.alilauro.it\/it\/volaviamare-card\/\",\"url\":\"https:\/\/www.alilauro.it\/it\/volaviamare-card\/\",\"name\":\"Volaviamare Card - alilauro\",\"isPartOf\":{\"@id\":\"https:\/\/www.alilauro.it\/it\/#website\"},\"primaryImageOfPage\":{\"@id\":\"https:\/\/www.alilauro.it\/it\/volaviamare-card\/#primaryimage\"},\"image\":{\"@id\":\"https:\/\/www.alilauro.it\/it\/volaviamare-card\/#primaryimage\"},\"thumbnailUrl\":\"https:\/\/www.alilauro.it\/wp-content\/uploads\/2026\/02\/cover-sit0.png\",\"datePublished\":\"2025-03-18T11:04:30+00:00\",\"dateModified\":\"2026-02-13T15:17:52+00:00\",\"breadcrumb\":{\"@id\":\"https:\/\/www.alilauro.it\/it\/volaviamare-card\/#breadcrumb\"},\"inLanguage\":\"it-IT\",\"potentialAction\":[{\"@type\":\"ReadAction\",\"target\":[\"https:\/\/www.alilauro.it\/it\/volaviamare-card\/\"]}]},{\"@type\":\"ImageObject\",\"inLanguage\":\"it-IT\",\"@id\":\"https:\/\/www.alilauro.it\/it\/volaviamare-card\/#primaryimage\",\"url\":\"https:\/\/www.alilauro.it\/wp-content\/uploads\/2026\/02\/cover-sit0.png\",\"contentUrl\":\"https:\/\/www.alilauro.it\/wp-content\/uploads\/2026\/02\/cover-sit0.png\",\"width\":1905,\"height\":460},{\"@type\":\"BreadcrumbList\",\"@id\":\"https:\/\/www.alilauro.it\/it\/volaviamare-card\/#breadcrumb\",\"itemListElement\":[{\"@type\":\"ListItem\",\"position\":1,\"name\":\"Home\",\"item\":\"https:\/\/www.alilauro.it\/it\/\"},{\"@type\":\"ListItem\",\"position\":2,\"name\":\"Volaviamare Card\"}]},{\"@type\":\"WebSite\",\"@id\":\"https:\/\/www.alilauro.it\/it\/#website\",\"url\":\"https:\/\/www.alilauro.it\/it\/\",\"name\":\"Alilauro\",\"description\":\"Una lunga storia di mare\",\"publisher\":{\"@id\":\"https:\/\/www.alilauro.it\/it\/#organization\"},\"potentialAction\":[{\"@type\":\"SearchAction\",\"target\":{\"@type\":\"EntryPoint\",\"urlTemplate\":\"https:\/\/www.alilauro.it\/it\/?s={search_term_string}\"},\"query-input\":{\"@type\":\"PropertyValueSpecification\",\"valueRequired\":true,\"valueName\":\"search_term_string\"}}],\"inLanguage\":\"it-IT\"},{\"@type\":\"Organization\",\"@id\":\"https:\/\/www.alilauro.it\/it\/#organization\",\"name\":\"Alilauro\",\"url\":\"https:\/\/www.alilauro.it\/it\/\",\"logo\":{\"@type\":\"ImageObject\",\"inLanguage\":\"it-IT\",\"@id\":\"https:\/\/www.alilauro.it\/it\/#\/schema\/logo\/image\/\",\"url\":\"https:\/\/www.alilauro.it\/wp-content\/uploads\/2022\/10\/logo-alilauro.jpg\",\"contentUrl\":\"https:\/\/www.alilauro.it\/wp-content\/uploads\/2022\/10\/logo-alilauro.jpg\",\"width\":333,\"height\":102,\"caption\":\"Alilauro\"},\"image\":{\"@id\":\"https:\/\/www.alilauro.it\/it\/#\/schema\/logo\/image\/\"},\"sameAs\":[\"https:\/\/www.facebook.com\/lauro.shipping.9\",\"https:\/\/x.com\/alilauro\",\"https:\/\/www.instagram.com\/alilaurovolaviamare\/\",\"https:\/\/www.youtube.com\/user\/arcipelagocampano\"]}]}<\/script>\n<!-- \/ Yoast SEO plugin. -->","yoast_head_json":{"title":"Volaviamare Card - alilauro","robots":{"index":"index","follow":"follow","max-snippet":"max-snippet:-1","max-image-preview":"max-image-preview:large","max-video-preview":"max-video-preview:-1"},"canonical":"https:\/\/www.alilauro.it\/it\/volaviamare-card\/","og_locale":"it_IT","og_type":"article","og_title":"Volaviamare Card - alilauro","og_description":"Pi\u00f9 vantaggi per chi lavora nel turismo: Se sei un operatore turistico, la Volaviamare Card \u00e8 lo strumento ideale per gestire i tuoi viaggi in modo semplice e conveniente. Perch\u00e9 sceglierla? 20% di bonus su ogni ricarica Acquisto rapido dei titoli di viaggio online e presso le biglietterie Strumento dedicato ai professionisti del settore Gestione [&hellip;]","og_url":"https:\/\/www.alilauro.it\/it\/volaviamare-card\/","og_site_name":"alilauro","article_publisher":"https:\/\/www.facebook.com\/lauro.shipping.9","article_modified_time":"2026-02-13T15:17:52+00:00","og_image":[{"width":1905,"height":460,"url":"https:\/\/www.alilauro.it\/wp-content\/uploads\/2026\/02\/cover-sit0.png","type":"image\/png"}],"twitter_card":"summary_large_image","twitter_site":"@alilauro","twitter_misc":{"Tempo di lettura stimato":"2 minuti"},"schema":{"@context":"https:\/\/schema.org","@graph":[{"@type":"WebPage","@id":"https:\/\/www.alilauro.it\/it\/volaviamare-card\/","url":"https:\/\/www.alilauro.it\/it\/volaviamare-card\/","name":"Volaviamare Card - alilauro","isPartOf":{"@id":"https:\/\/www.alilauro.it\/it\/#website"},"primaryImageOfPage":{"@id":"https:\/\/www.alilauro.it\/it\/volaviamare-card\/#primaryimage"},"image":{"@id":"https:\/\/www.alilauro.it\/it\/volaviamare-card\/#primaryimage"},"thumbnailUrl":"https:\/\/www.alilauro.it\/wp-content\/uploads\/2026\/02\/cover-sit0.png","datePublished":"2025-03-18T11:04:30+00:00","dateModified":"2026-02-13T15:17:52+00:00","breadcrumb":{"@id":"https:\/\/www.alilauro.it\/it\/volaviamare-card\/#breadcrumb"},"inLanguage":"it-IT","potentialAction":[{"@type":"ReadAction","target":["https:\/\/www.alilauro.it\/it\/volaviamare-card\/"]}]},{"@type":"ImageObject","inLanguage":"it-IT","@id":"https:\/\/www.alilauro.it\/it\/volaviamare-card\/#primaryimage","url":"https:\/\/www.alilauro.it\/wp-content\/uploads\/2026\/02\/cover-sit0.png","contentUrl":"https:\/\/www.alilauro.it\/wp-content\/uploads\/2026\/02\/cover-sit0.png","width":1905,"height":460},{"@type":"BreadcrumbList","@id":"https:\/\/www.alilauro.it\/it\/volaviamare-card\/#breadcrumb","itemListElement":[{"@type":"ListItem","position":1,"name":"Home","item":"https:\/\/www.alilauro.it\/it\/"},{"@type":"ListItem","position":2,"name":"Volaviamare Card"}]},{"@type":"WebSite","@id":"https:\/\/www.alilauro.it\/it\/#website","url":"https:\/\/www.alilauro.it\/it\/","name":"Alilauro","description":"Una lunga storia di mare","publisher":{"@id":"https:\/\/www.alilauro.it\/it\/#organization"},"potentialAction":[{"@type":"SearchAction","target":{"@type":"EntryPoint","urlTemplate":"https:\/\/www.alilauro.it\/it\/?s={search_term_string}"},"query-input":{"@type":"PropertyValueSpecification","valueRequired":true,"valueName":"search_term_string"}}],"inLanguage":"it-IT"},{"@type":"Organization","@id":"https:\/\/www.alilauro.it\/it\/#organization","name":"Alilauro","url":"https:\/\/www.alilauro.it\/it\/","logo":{"@type":"ImageObject","inLanguage":"it-IT","@id":"https:\/\/www.alilauro.it\/it\/#\/schema\/logo\/image\/","url":"https:\/\/www.alilauro.it\/wp-content\/uploads\/2022\/10\/logo-alilauro.jpg","contentUrl":"https:\/\/www.alilauro.it\/wp-content\/uploads\/2022\/10\/logo-alilauro.jpg","width":333,"height":102,"caption":"Alilauro"},"image":{"@id":"https:\/\/www.alilauro.it\/it\/#\/schema\/logo\/image\/"},"sameAs":["https:\/\/www.facebook.com\/lauro.shipping.9","https:\/\/x.com\/alilauro","https:\/\/www.instagram.com\/alilaurovolaviamare\/","https:\/\/www.youtube.com\/user\/arcipelagocampano"]}]}},"_links":{"self":[{"href":"https:\/\/www.alilauro.it\/it\/wp-json\/wp\/v2\/pages\/4454","targetHints":{"allow":["GET"]}}],"collection":[{"href":"https:\/\/www.alilauro.it\/it\/wp-json\/wp\/v2\/pages"}],"about":[{"href":"https:\/\/www.alilauro.it\/it\/wp-json\/wp\/v2\/types\/page"}],"author":[{"embeddable":true,"href":"https:\/\/www.alilauro.it\/it\/wp-json\/wp\/v2\/users\/10"}],"replies":[{"embeddable":true,"href":"https:\/\/www.alilauro.it\/it\/wp-json\/wp\/v2\/comments?post=4454"}],"version-history":[{"count":2,"href":"https:\/\/www.alilauro.it\/it\/wp-json\/wp\/v2\/pages\/4454\/revisions"}],"predecessor-version":[{"id":4999,"href":"https:\/\/www.alilauro.it\/it\/wp-json\/wp\/v2\/pages\/4454\/revisions\/4999"}],"wp:featuredmedia":[{"embeddable":true,"href":"https:\/\/www.alilauro.it\/it\/wp-json\/wp\/v2\/media\/4996"}],"wp:attachment":[{"href":"https:\/\/www.alilauro.it\/it\/wp-json\/wp\/v2\/media?parent=4454"}],"curies":[{"name":"wp","href":"https:\/\/api.w.org\/{rel}","templated":true}]}}