



{"id":3,"date":"2023-12-07T16:08:52","date_gmt":"2023-12-07T15:08:52","guid":{"rendered":"https:\/\/www.alilauro.it\/?page_id=3"},"modified":"2025-03-07T10:59:27","modified_gmt":"2025-03-07T09:59:27","slug":"privacy-policy","status":"publish","type":"page","link":"https:\/\/www.alilauro.it\/it\/privacy-policy\/","title":{"rendered":"Privacy Policy"},"content":{"rendered":"\n<p>Alilauro S.p.A. effettua il trattamento dei dati personali dei propri Clienti e Passeggeri nel rispetto del Regolamento (UE) 2016\/679 (<strong>GDPR<\/strong>) e del Decreto Legislativo del 30 giugno 2003 n. 196,&nbsp; (<strong>Codice Privacy<\/strong>), ed s.m.i. nonch\u00e9 dei principi di riservatezza cui \u00e8 ispirata l\u2019attivit\u00e0 della Societ\u00e0.Ai sensi degli artt. 13 e 14 del GDPR e dell\u2019art. 13 del Codice Privacy, Alilauro S.p.A. fornisce alcune informazioni sull\u2019utilizzo dei dati personali.<\/p>\n\n\n\n<p><strong>Titolare del trattamento<\/strong><\/p>\n\n\n\n<p><strong>Titolare del trattamento dei dati personali \u00e8 Alilauro S.p.A. con sede legale Molo Beverello snc- Palazzina Volaviamare<\/strong><\/p>\n\n\n\n<p><strong>80133 Napoli<\/strong><\/p>\n\n\n\n<p><strong>Responsabile del trattamento dei dati personali<\/strong><\/p>\n\n\n\n<p>Alilauro S.p.A. ha incaricato il soggetto di seguito indicato quale Responsabile del trattamento:<\/p>\n\n\n\n<ul class=\"wp-block-list\">\n<li><strong><strong>Lauro Holding S.r.l<\/strong>.<\/strong> con sede in Via del Governo Vecchio n.3, 00186, Roma (RM), Lazio, Italia<\/li>\n<\/ul>\n\n\n\n<p>per il trattamento dei dati automatizzato e l\u2019attivit\u00e0 di profilazione per finalit\u00e0 commerciali e di marketing;<\/p>\n\n\n\n<p>Si precisa che l\u2019elenco completo e costantemente aggiornato dei predetti soggetti cui possono essere comunicati i dati in qualit\u00e0 di Responsabili del trattamento dei dati personali pu\u00f2 essere richiesto mediante l\u2019utilizzo di uno dei canali di comunicazione messi a disposizione della Societ\u00e0 per l\u2019esercizio dei diritti da parte degli interessati, di seguito indicati.<\/p>\n\n\n\n<p><strong>Finalit\u00e0 e base legale del trattamento<\/strong><\/p>\n\n\n\n<p>Nelle operazioni di prenotazione e vendita dei biglietti, di accettazione a bordo delle unit\u00e0 e nel corso della tratta, Alilauro S.p.A. acquisisce e tratta i dati sia del Cliente (l\u2019acquirente del biglietto, che stipula il contratto di trasporto) che del Passeggero (cio\u00e8 tutte le persone fisiche cui il biglietto si riferisce, imbarcate a bordo del traghetto).<\/p>\n\n\n\n<p>Il trattamento dei dati personali acquisiti, avviene per le seguenti distinte finalit\u00e0 e basato sulle diverse relative basi giuridiche di trattamento:<\/p>\n\n\n\n<ul class=\"wp-block-list\">\n<li>gestione delle fasi pre-contrattuali, svolgimento della propria attivit\u00e0 e gestione dei rapporti instaurati con tutti gli interessati; tale trattamento \u00e8 necessario alla conclusione ed esecuzione del contratto di cui l\u2019interessato \u00e8 parte.<\/li>\n\n\n\n<li>adempimento degli obblighi previsti da leggi, da regolamenti, dalla normativa comunitaria, da disposizioni impartite dalle Autorit\u00e0 e dagli organi di vigilanza e di controllo competenti (in particolare, leggi in materia di tutela della sicurezza e antiterrorismo; norme relative ad adempimenti amministrativi, ecc.). In tal caso, la base giuridica del trattamento \u00e8 rappresentata dalla necessit\u00e0 di adempiere ad un obbligo legale.<\/li>\n<\/ul>\n\n\n\n<p>Inoltre, Alilauro S.p.A. acquisisce i dati personali dei Clienti per svolgere ricerche di mercato e per finalit\u00e0 di marketing e di informazione commerciale, mediante l\u2019offerta di servizi e promozioni personalizzate in base alle preferenze dei Clienti. In tal caso, sar\u00e0 richiesto esplicito consenso all\u2019interessato.<\/p>\n\n\n\n<p><strong>Categorie di dati acquisiti e modalit\u00e0 di trattamento<\/strong><\/p>\n\n\n\n<p>I dati personali oggetto del trattamento, svolto per le finalit\u00e0 di prenotazione e acquisto del biglietto, e di accettazione del passeggero a bordo, nonch\u00e9 ai sensi della Direttiva \u2013 18\/06\/1998, n. 41 recepita dal DM 13\/10\/1999 sono raccolti da Alilauro S.p.A. direttamente presso l\u2019interessato e\/o presso terzi ( Cliente) e afferiscono alle seguenti categorie:<\/p>\n\n\n\n<ul class=\"wp-block-list\">\n<li>dati anagrafici (nome e cognome, sesso, et\u00e0 o data di nascita, nazionalit\u00e0);<\/li>\n\n\n\n<li>dati di contatto (numero di telefono, e-mail, ecc.);<\/li>\n\n\n\n<li>dati relativi allo stato di salute del passeggero (rientranti nelle \u201ccategorie particolari di dati\u201d di cui all\u2019art. 9 del GDPR e dei corrispondenti articoli del D.lgs. n. 196\/2003).<\/li>\n<\/ul>\n\n\n\n<p><strong>Natura del conferimento dei dati<\/strong><\/p>\n\n\n\n<ul class=\"wp-block-list\">\n<li>Dati obbligatori: dati anagrafici e dati relativi alla nazionalit\u00e0 del passeggero<\/li>\n<\/ul>\n\n\n\n<p>Si tratta di dati personali strettamente funzionali all\u2019erogazione del servizio, acquisiti e trattati per la prenotazione e l\u2019acquisto del biglietto, e per l\u2019accettazione del passeggero a bordo.<\/p>\n\n\n\n<p>Tali dati sono indispensabili per l\u2019instaurazione e prosecuzione del rapporto, anche ai sensi delle norme di legge e regolamentari applicabili; pertanto, un eventuale rifiuto dell\u2019interessato al loro conferimento e trattamento rende oggettivamente impossibile la prestazione dei suddetti servizi da parte di Alilauro S.p.A.. Per approfondimenti, si rinvia anche alle \u201cCondizioni di trasporto\u201d pubblicate al seguente link del sito internet di Alilauro S.p.A. <a href=\"http:\/\/www.alilauro.it\/\">http:\/\/www.alilauro.it\/<\/a><\/p>\n\n\n\n<ul class=\"wp-block-list\">\n<li>Dati facoltativi: dati relativi allo stato di salute del passeggero (ad es., eventuali disabilit\u00e0)<\/li>\n<\/ul>\n\n\n\n<p>Il conferimento di questi dati \u00e8 facoltativo in quanto non impedisce ad Alilauro S.p.A. di erogare il servizio di trasporto al passeggero.<\/p>\n\n\n\n<p>Tuttavia, il mancato consenso al conferimento e al trattamento di queste tipologie di dati potrebbe compromettere la qualit\u00e0 del servizio reso da Alilauro S.p.A., non potendo essere garantite l\u2019assistenza e le cure eventualmente necessarie.<\/p>\n\n\n\n<ul class=\"wp-block-list\">\n<li>Dati facoltativi: dati di contatto acquisiti per finalit\u00e0 promozionali e commerciali, di marketing, ricerche di mercato ecc.<\/li>\n<\/ul>\n\n\n\n<p>Il conferimento e il trattamento di questi dati, che avviene solo previo espresso consenso del Cliente, \u00e8 facoltativo e non ha impatti sul servizio reso da Alilauro S.p.A. al passeggero.<\/p>\n\n\n\n<p><strong>Trattamenti basati sul consenso dell\u2019interessato<\/strong><\/p>\n\n\n\n<p>Per il trattamento di alcuni dati, Alilauro S.p.A. richiede il consenso esplicito dell\u2019interessato:<\/p>\n\n\n\n<ul class=\"wp-block-list\">\n<li>Trattamento di dati particolari (dati relativi allo stato di salute del passeggero, etc.)<\/li>\n<\/ul>\n\n\n\n<p>Il trattamento dei dati relativi allo stato di salute del passeggero (o altri eventuali dati particolari ai sensi dell\u2019art. 9 del GDPR) \u00e8 effettuato solo previo consenso dell\u2019interessato ed esclusivamente per l\u2019adempimento degli obblighi contrattuali e in ottemperanza alle previsioni di leggi e norme applicabili.<\/p>\n\n\n\n<ul class=\"wp-block-list\">\n<li>Trattamento di dati personali per finalit\u00e0 promozionali e commerciali, di marketing, ricerche di mercato ecc.<\/li>\n<\/ul>\n\n\n\n<p>Il Cliente avr\u00e0 sempre facolt\u00e0 di manifestare il proprio consenso con riferimento ai trattamenti con finalit\u00e0 di marketing e informazione commerciale, ricerche di mercato, offerte di servizi senza che il mancato conferimento di detto consenso o la sua revoca possano influire sulla prestazione del servizio oggetto del contratto.<\/p>\n\n\n\n<p>In ciascuno di questi casi, il Titolare mette a disposizione dell\u2019interessato strumenti che gli consentano la revoca del consenso con la stessa facilit\u00e0 con cui \u00e8 stato conferito.<\/p>\n\n\n\n<p>Le modalit\u00e0 di revoca del consenso sono esplicitate con le stesse modalit\u00e0 con cui l\u2019interessato presta il proprio consenso al trattamento del dato.<\/p>\n\n\n\n<p>In relazione alle indicate finalit\u00e0 commerciali e di marketing, il trattamento dei dati \u00e8 effettuato prevalentemente in modo automatizzato e avverr\u00e0 in modo da garantire la sicurezza e la riservatezza dell\u2019interessato.<\/p>\n\n\n\n<p><strong>Diffusione e comunicazione dei dati dell\u2019interessato<\/strong><\/p>\n\n\n\n<p>Alilauro S.p.A. non diffonde e non comunica a terzi i dati personali dei passeggeri, salvi i casi di comunicazioni necessarie per il rispetto di obblighi di legge, adempimenti amministrativi e ordini della Pubblica Autorit\u00e0.<\/p>\n\n\n\n<p>Ai dati personali raccolti presso i Clienti potranno avere accesso gli addetti alle funzioni operative e commerciali di Alilauro S.p.A., nonch\u00e9 i Responsabili esterni di cui sopra nello svolgimento degli incarichi affidati.<\/p>\n\n\n\n<p><strong>Conservazione dei dati personali<\/strong><\/p>\n\n\n\n<ul class=\"wp-block-list\">\n<li>Dati acquisiti per la prestazione del servizio<\/li>\n<\/ul>\n\n\n\n<p>Questi dati saranno trattati per tutta la durata del contratto stipulato con il Cliente\/Passeggero.<\/p>\n\n\n\n<p>Tali dati saranno inoltre archiviati, in formato cartaceo o elettronico, nel rispetto della normativa vigente in materia di conservazione della documentazione (ad es. per scopi fiscali e contabili) e\/o per l\u2019eventuale tutela dei diritti delle parti in caso di controversie legali. I dati in formato elettronico\/digitale vengono conservati presso i sistemi siti nell&#8217;Unione europea.<\/p>\n\n\n\n<ul class=\"wp-block-list\">\n<li>Dati acquisiti per finalit\u00e0 di marketing e commerciali<\/li>\n<\/ul>\n\n\n\n<p>I dati conferiti per finalit\u00e0 di marketing diretto (ad es., newsletter) saranno trattati per 24 mesi, oppure fino alla revoca del consenso da parte dell\u2019interessato.<\/p>\n\n\n\n<p>Inoltre, i dati trattati per finalit\u00e0 di profilazione saranno conservati per 12 mesi, oppure fino alla revoca del consenso da parte dell\u2019interessato.<\/p>\n\n\n\n<p><strong>Trasferimento dei dati personali all\u2019estero<\/strong><\/p>\n\n\n\n<p>Alilauro S.p.A. non trasferisce i dati dei passeggeri al di fuori dell\u2019Unione europea.<\/p>\n\n\n\n<p><strong>Diritti dell\u2019interessato<\/strong><\/p>\n\n\n\n<p>Ai sensi degli artt. da 15 a 20 del GDPR e dei corrispondenti articoli del Codice Privacy gli interessati hanno diritto di ottenere, in qualunque momento:<\/p>\n\n\n\n<ul class=\"wp-block-list\">\n<li>la conferma dell\u2019esistenza o meno di un trattamento che li riguardi e l\u2019accesso ai propri dati, incluse le informazioni riguardanti:<\/li>\n\n\n\n<li>la finalit\u00e0 del trattamento;<\/li>\n\n\n\n<li>le categorie di dati personali oggetto di trattamento;<\/li>\n\n\n\n<li>i destinatari cui i dati sono o saranno comunicati;<\/li>\n\n\n\n<li>l\u2019eventuale trasferimento dei dati fuori dall\u2019Unione europea e l\u2019esistenza delle relative garanzie;<\/li>\n\n\n\n<li>il periodo di conservazione dei dati o il criterio per determinarlo;<\/li>\n\n\n\n<li>l\u2019eventuale diritto alla rettifica e cancellazione dei dati, alla limitazione e all\u2019opposizione al trattamento;<\/li>\n\n\n\n<li>il diritto di proporre reclamo all\u2019autorit\u00e0 di controllo;<\/li>\n\n\n\n<li>l\u2019origine dei dati, qualora i dati;<\/li>\n\n\n\n<li>l\u2019esistenza di un processo decisionale automatizzato.<\/li>\n\n\n\n<li>una copia dei dati personali oggetto di trattamento, ove ci\u00f2 non leda i diritti e le libert\u00e0 altrui;<\/li>\n\n\n\n<li>la rettifica di dati personali inesatti;<\/li>\n\n\n\n<li>la cancellazione di dati personali che li riguardano<\/li>\n\n\n\n<li>la revoca del consenso fornito;<\/li>\n\n\n\n<li>la limitazione del trattamento dei propri dati personali;<\/li>\n\n\n\n<li>i dati personali forniti in un formato strutturato di uso comune e leggibile da dispositivo elettronico, anche ai fini della trasmissione ad altro titolare.<\/li>\n<\/ul>\n\n\n\n<p>Ai sensi degli artt. 21 e 22 del GDPR e dei corrispondenti articoli del Codice Privacy, inoltre, gli interessati hanno diritto di<\/p>\n\n\n\n<ul class=\"wp-block-list\">\n<li>opporsi in ogni momento, per motivi legittimi connessi alla propria situazione, al trattamento di dati che li riguardino e necessario per l\u2019esecuzione di compiti di interesse pubblico o per il perseguimento del legittimo interesse del titolare;<\/li>\n\n\n\n<li>non essere sottoposti a decisioni basate unicamente sul trattamento automatizzato, che possa avere effetti giuridici o incidere in modo significativo sulla persona dell\u2019interessato stesso.<\/li>\n<\/ul>\n\n\n\n<p>Per l\u2019esercizio dei propri diritti, o per ottenere informazioni riguardo il trattamento di dati che li riguardano, gli interessati possono contattare Alilauro S.p.A. con una delle seguenti modalit\u00e0:<\/p>\n\n\n\n<ul class=\"wp-block-list\">\n<li>attraverso il servizio postale al seguente indirizzo: <strong>Alilauro S.p.A. Molo Beverello snc Palazzina Volaviamare<\/strong><\/li>\n\n\n\n<li><a href=\"mailto:dpo@alilauro.it\">dpo@alilauro.it<\/a><\/li>\n<\/ul>\n\n\n\n<p><strong>Diritto a proporre reclamo all\u2019Autorit\u00e0 di controllo<\/strong><\/p>\n\n\n\n<p>Ai sensi dell\u2019art. 77 del GDPR e dei corrispondenti articoli del Codice Privacy, l\u2019interessato ha diritto a proporre reclamo presso l\u2019Autorit\u00e0 di controllo se ritiene che un trattamento che lo riguarda violi una delle previsioni del GDPR o del Codice Privacy.<\/p>\n\n\n\n<p>&nbsp;I dati relativi al pagamento dei biglietti acquistati on line sul sito www.alilauro.it non possono essere acquisiti ed elaborati in alcun modo da Alilauro S.p.A., in quanto la transazione viene gestita dai server del servizio Banca Sella.<\/p>\n\n\n\n<p><em><strong>Rev. 1 del 13.01.2025<\/strong><\/em><\/p>\n\n\n\n<p><\/p>\n","protected":false},"excerpt":{"rendered":"<p>Alilauro S.p.A. effettua il trattamento dei dati personali dei propri Clienti e Passeggeri nel rispetto del Regolamento (UE) 2016\/679 (GDPR) e del Decreto Legislativo del 30 giugno 2003 n. 196,&nbsp; (Codice Privacy), ed s.m.i. nonch\u00e9 dei principi di riservatezza cui \u00e8 ispirata l\u2019attivit\u00e0 della Societ\u00e0.Ai sensi degli artt. 13 e 14 del GDPR e dell\u2019art. [&hellip;]<\/p>\n","protected":false},"author":10,"featured_media":1187,"parent":0,"menu_order":0,"comment_status":"closed","ping_status":"closed","template":"","meta":{"footnotes":""},"class_list":["post-3","page","type-page","status-publish","has-post-thumbnail","hentry"],"acf":[],"yoast_head":"<!-- This site is optimized with the Yoast SEO plugin v25.2 - https:\/\/yoast.com\/wordpress\/plugins\/seo\/ -->\n<title>Privacy Policy - alilauro<\/title>\n<meta name=\"robots\" content=\"index, follow, max-snippet:-1, max-image-preview:large, max-video-preview:-1\" \/>\n<link rel=\"canonical\" href=\"https:\/\/www.alilauro.it\/it\/privacy-policy\/\" \/>\n<meta property=\"og:locale\" content=\"it_IT\" \/>\n<meta property=\"og:type\" content=\"article\" \/>\n<meta property=\"og:title\" content=\"Privacy Policy - alilauro\" \/>\n<meta property=\"og:description\" content=\"Alilauro S.p.A. effettua il trattamento dei dati personali dei propri Clienti e Passeggeri nel rispetto del Regolamento (UE) 2016\/679 (GDPR) e del Decreto Legislativo del 30 giugno 2003 n. 196,&nbsp; (Codice Privacy), ed s.m.i. nonch\u00e9 dei principi di riservatezza cui \u00e8 ispirata l\u2019attivit\u00e0 della Societ\u00e0.Ai sensi degli artt. 13 e 14 del GDPR e dell\u2019art. [&hellip;]\" \/>\n<meta property=\"og:url\" content=\"https:\/\/www.alilauro.it\/it\/privacy-policy\/\" \/>\n<meta property=\"og:site_name\" content=\"alilauro\" \/>\n<meta property=\"article:publisher\" content=\"https:\/\/www.facebook.com\/lauro.shipping.9\" \/>\n<meta property=\"article:modified_time\" content=\"2025-03-07T09:59:27+00:00\" \/>\n<meta property=\"og:image\" content=\"https:\/\/www.alilauro.it\/wp-content\/uploads\/2022\/12\/header-privacypolicy.jpg\" \/>\n\t<meta property=\"og:image:width\" content=\"1366\" \/>\n\t<meta property=\"og:image:height\" content=\"488\" \/>\n\t<meta property=\"og:image:type\" content=\"image\/jpeg\" \/>\n<meta name=\"twitter:card\" content=\"summary_large_image\" \/>\n<meta name=\"twitter:site\" content=\"@alilauro\" \/>\n<meta name=\"twitter:label1\" content=\"Tempo di lettura stimato\" \/>\n\t<meta name=\"twitter:data1\" content=\"9 minuti\" \/>\n<script type=\"application\/ld+json\" class=\"yoast-schema-graph\">{\"@context\":\"https:\/\/schema.org\",\"@graph\":[{\"@type\":\"WebPage\",\"@id\":\"https:\/\/www.alilauro.it\/it\/privacy-policy\/\",\"url\":\"https:\/\/www.alilauro.it\/it\/privacy-policy\/\",\"name\":\"Privacy Policy - alilauro\",\"isPartOf\":{\"@id\":\"https:\/\/www.alilauro.it\/it\/#website\"},\"primaryImageOfPage\":{\"@id\":\"https:\/\/www.alilauro.it\/it\/privacy-policy\/#primaryimage\"},\"image\":{\"@id\":\"https:\/\/www.alilauro.it\/it\/privacy-policy\/#primaryimage\"},\"thumbnailUrl\":\"https:\/\/www.alilauro.it\/wp-content\/uploads\/2022\/12\/header-privacypolicy.jpg\",\"datePublished\":\"2023-12-07T15:08:52+00:00\",\"dateModified\":\"2025-03-07T09:59:27+00:00\",\"breadcrumb\":{\"@id\":\"https:\/\/www.alilauro.it\/it\/privacy-policy\/#breadcrumb\"},\"inLanguage\":\"it-IT\",\"potentialAction\":[{\"@type\":\"ReadAction\",\"target\":[\"https:\/\/www.alilauro.it\/it\/privacy-policy\/\"]}]},{\"@type\":\"ImageObject\",\"inLanguage\":\"it-IT\",\"@id\":\"https:\/\/www.alilauro.it\/it\/privacy-policy\/#primaryimage\",\"url\":\"https:\/\/www.alilauro.it\/wp-content\/uploads\/2022\/12\/header-privacypolicy.jpg\",\"contentUrl\":\"https:\/\/www.alilauro.it\/wp-content\/uploads\/2022\/12\/header-privacypolicy.jpg\",\"width\":1366,\"height\":488},{\"@type\":\"BreadcrumbList\",\"@id\":\"https:\/\/www.alilauro.it\/it\/privacy-policy\/#breadcrumb\",\"itemListElement\":[{\"@type\":\"ListItem\",\"position\":1,\"name\":\"Home\",\"item\":\"https:\/\/www.alilauro.it\/it\/\"},{\"@type\":\"ListItem\",\"position\":2,\"name\":\"Privacy Policy\"}]},{\"@type\":\"WebSite\",\"@id\":\"https:\/\/www.alilauro.it\/it\/#website\",\"url\":\"https:\/\/www.alilauro.it\/it\/\",\"name\":\"Alilauro\",\"description\":\"Una lunga storia di mare\",\"publisher\":{\"@id\":\"https:\/\/www.alilauro.it\/it\/#organization\"},\"potentialAction\":[{\"@type\":\"SearchAction\",\"target\":{\"@type\":\"EntryPoint\",\"urlTemplate\":\"https:\/\/www.alilauro.it\/it\/?s={search_term_string}\"},\"query-input\":{\"@type\":\"PropertyValueSpecification\",\"valueRequired\":true,\"valueName\":\"search_term_string\"}}],\"inLanguage\":\"it-IT\"},{\"@type\":\"Organization\",\"@id\":\"https:\/\/www.alilauro.it\/it\/#organization\",\"name\":\"Alilauro\",\"url\":\"https:\/\/www.alilauro.it\/it\/\",\"logo\":{\"@type\":\"ImageObject\",\"inLanguage\":\"it-IT\",\"@id\":\"https:\/\/www.alilauro.it\/it\/#\/schema\/logo\/image\/\",\"url\":\"https:\/\/www.alilauro.it\/wp-content\/uploads\/2022\/10\/logo-alilauro.jpg\",\"contentUrl\":\"https:\/\/www.alilauro.it\/wp-content\/uploads\/2022\/10\/logo-alilauro.jpg\",\"width\":333,\"height\":102,\"caption\":\"Alilauro\"},\"image\":{\"@id\":\"https:\/\/www.alilauro.it\/it\/#\/schema\/logo\/image\/\"},\"sameAs\":[\"https:\/\/www.facebook.com\/lauro.shipping.9\",\"https:\/\/x.com\/alilauro\",\"https:\/\/www.instagram.com\/alilaurovolaviamare\/\",\"https:\/\/www.youtube.com\/user\/arcipelagocampano\"]}]}<\/script>\n<!-- \/ Yoast SEO plugin. -->","yoast_head_json":{"title":"Privacy Policy - alilauro","robots":{"index":"index","follow":"follow","max-snippet":"max-snippet:-1","max-image-preview":"max-image-preview:large","max-video-preview":"max-video-preview:-1"},"canonical":"https:\/\/www.alilauro.it\/it\/privacy-policy\/","og_locale":"it_IT","og_type":"article","og_title":"Privacy Policy - alilauro","og_description":"Alilauro S.p.A. effettua il trattamento dei dati personali dei propri Clienti e Passeggeri nel rispetto del Regolamento (UE) 2016\/679 (GDPR) e del Decreto Legislativo del 30 giugno 2003 n. 196,&nbsp; (Codice Privacy), ed s.m.i. nonch\u00e9 dei principi di riservatezza cui \u00e8 ispirata l\u2019attivit\u00e0 della Societ\u00e0.Ai sensi degli artt. 13 e 14 del GDPR e dell\u2019art. [&hellip;]","og_url":"https:\/\/www.alilauro.it\/it\/privacy-policy\/","og_site_name":"alilauro","article_publisher":"https:\/\/www.facebook.com\/lauro.shipping.9","article_modified_time":"2025-03-07T09:59:27+00:00","og_image":[{"width":1366,"height":488,"url":"https:\/\/www.alilauro.it\/wp-content\/uploads\/2022\/12\/header-privacypolicy.jpg","type":"image\/jpeg"}],"twitter_card":"summary_large_image","twitter_site":"@alilauro","twitter_misc":{"Tempo di lettura stimato":"9 minuti"},"schema":{"@context":"https:\/\/schema.org","@graph":[{"@type":"WebPage","@id":"https:\/\/www.alilauro.it\/it\/privacy-policy\/","url":"https:\/\/www.alilauro.it\/it\/privacy-policy\/","name":"Privacy Policy - alilauro","isPartOf":{"@id":"https:\/\/www.alilauro.it\/it\/#website"},"primaryImageOfPage":{"@id":"https:\/\/www.alilauro.it\/it\/privacy-policy\/#primaryimage"},"image":{"@id":"https:\/\/www.alilauro.it\/it\/privacy-policy\/#primaryimage"},"thumbnailUrl":"https:\/\/www.alilauro.it\/wp-content\/uploads\/2022\/12\/header-privacypolicy.jpg","datePublished":"2023-12-07T15:08:52+00:00","dateModified":"2025-03-07T09:59:27+00:00","breadcrumb":{"@id":"https:\/\/www.alilauro.it\/it\/privacy-policy\/#breadcrumb"},"inLanguage":"it-IT","potentialAction":[{"@type":"ReadAction","target":["https:\/\/www.alilauro.it\/it\/privacy-policy\/"]}]},{"@type":"ImageObject","inLanguage":"it-IT","@id":"https:\/\/www.alilauro.it\/it\/privacy-policy\/#primaryimage","url":"https:\/\/www.alilauro.it\/wp-content\/uploads\/2022\/12\/header-privacypolicy.jpg","contentUrl":"https:\/\/www.alilauro.it\/wp-content\/uploads\/2022\/12\/header-privacypolicy.jpg","width":1366,"height":488},{"@type":"BreadcrumbList","@id":"https:\/\/www.alilauro.it\/it\/privacy-policy\/#breadcrumb","itemListElement":[{"@type":"ListItem","position":1,"name":"Home","item":"https:\/\/www.alilauro.it\/it\/"},{"@type":"ListItem","position":2,"name":"Privacy Policy"}]},{"@type":"WebSite","@id":"https:\/\/www.alilauro.it\/it\/#website","url":"https:\/\/www.alilauro.it\/it\/","name":"Alilauro","description":"Una lunga storia di mare","publisher":{"@id":"https:\/\/www.alilauro.it\/it\/#organization"},"potentialAction":[{"@type":"SearchAction","target":{"@type":"EntryPoint","urlTemplate":"https:\/\/www.alilauro.it\/it\/?s={search_term_string}"},"query-input":{"@type":"PropertyValueSpecification","valueRequired":true,"valueName":"search_term_string"}}],"inLanguage":"it-IT"},{"@type":"Organization","@id":"https:\/\/www.alilauro.it\/it\/#organization","name":"Alilauro","url":"https:\/\/www.alilauro.it\/it\/","logo":{"@type":"ImageObject","inLanguage":"it-IT","@id":"https:\/\/www.alilauro.it\/it\/#\/schema\/logo\/image\/","url":"https:\/\/www.alilauro.it\/wp-content\/uploads\/2022\/10\/logo-alilauro.jpg","contentUrl":"https:\/\/www.alilauro.it\/wp-content\/uploads\/2022\/10\/logo-alilauro.jpg","width":333,"height":102,"caption":"Alilauro"},"image":{"@id":"https:\/\/www.alilauro.it\/it\/#\/schema\/logo\/image\/"},"sameAs":["https:\/\/www.facebook.com\/lauro.shipping.9","https:\/\/x.com\/alilauro","https:\/\/www.instagram.com\/alilaurovolaviamare\/","https:\/\/www.youtube.com\/user\/arcipelagocampano"]}]}},"_links":{"self":[{"href":"https:\/\/www.alilauro.it\/it\/wp-json\/wp\/v2\/pages\/3","targetHints":{"allow":["GET"]}}],"collection":[{"href":"https:\/\/www.alilauro.it\/it\/wp-json\/wp\/v2\/pages"}],"about":[{"href":"https:\/\/www.alilauro.it\/it\/wp-json\/wp\/v2\/types\/page"}],"author":[{"embeddable":true,"href":"https:\/\/www.alilauro.it\/it\/wp-json\/wp\/v2\/users\/10"}],"replies":[{"embeddable":true,"href":"https:\/\/www.alilauro.it\/it\/wp-json\/wp\/v2\/comments?post=3"}],"version-history":[{"count":14,"href":"https:\/\/www.alilauro.it\/it\/wp-json\/wp\/v2\/pages\/3\/revisions"}],"predecessor-version":[{"id":4444,"href":"https:\/\/www.alilauro.it\/it\/wp-json\/wp\/v2\/pages\/3\/revisions\/4444"}],"wp:featuredmedia":[{"embeddable":true,"href":"https:\/\/www.alilauro.it\/it\/wp-json\/wp\/v2\/media\/1187"}],"wp:attachment":[{"href":"https:\/\/www.alilauro.it\/it\/wp-json\/wp\/v2\/media?parent=3"}],"curies":[{"name":"wp","href":"https:\/\/api.w.org\/{rel}","templated":true}]}}